{"id":12,"date":"2025-01-06T16:07:35","date_gmt":"2025-01-06T16:07:35","guid":{"rendered":"https:\/\/cloudspert.com\/?page_id=12"},"modified":"2025-03-31T21:05:34","modified_gmt":"2025-03-31T21:05:34","slug":"services","status":"publish","type":"page","link":"https:\/\/cloudspert.com\/?page_id=12","title":{"rendered":"services"},"content":{"rendered":"\t\t<div data-elementor-type=\"wp-page\" data-elementor-id=\"12\" class=\"elementor elementor-12\">\n\t\t\t\t\t\t<section class=\"elementor-section elementor-top-section elementor-element elementor-element-26076d090 elementor-section-boxed elementor-section-height-default elementor-section-height-default wpr-particle-no wpr-jarallax-no wpr-parallax-no wpr-sticky-section-no\" data-id=\"26076d090\" data-element_type=\"section\" data-e-type=\"section\" data-settings=\"{&quot;background_background&quot;:&quot;classic&quot;}\">\n\t\t\t\t\t\t\t<div class=\"elementor-background-overlay\"><\/div>\n\t\t\t\t\t\t\t<div class=\"elementor-container elementor-column-gap-default\">\n\t\t\t\t\t<div class=\"elementor-column elementor-col-100 elementor-top-column elementor-element elementor-element-5f666cc9\" data-id=\"5f666cc9\" data-element_type=\"column\" data-e-type=\"column\">\n\t\t\t<div class=\"elementor-widget-wrap elementor-element-populated\">\n\t\t\t\t\t\t<div class=\"elementor-element elementor-element-35fa7810 elementor-widget elementor-widget-heading\" data-id=\"35fa7810\" data-element_type=\"widget\" data-e-type=\"widget\" data-widget_type=\"heading.default\">\n\t\t\t\t<div class=\"elementor-widget-container\">\n\t\t\t\t\t<h2 class=\"elementor-heading-title elementor-size-default\">CloudSpert Services<\/h2>\t\t\t\t<\/div>\n\t\t\t\t<\/div>\n\t\t\t\t\t<\/div>\n\t\t<\/div>\n\t\t\t\t\t<\/div>\n\t\t<\/section>\n\t\t<div class=\"elementor-element elementor-element-39cbdd4 e-flex e-con-boxed wpr-particle-no wpr-jarallax-no wpr-parallax-no wpr-sticky-section-no e-con e-parent\" data-id=\"39cbdd4\" data-element_type=\"container\" data-e-type=\"container\">\n\t\t\t\t\t<div class=\"e-con-inner\">\n\t\t\t\t<div class=\"elementor-element elementor-element-bfce515 elementor-widget elementor-widget-heading\" data-id=\"bfce515\" data-element_type=\"widget\" data-e-type=\"widget\" data-widget_type=\"heading.default\">\n\t\t\t\t<div class=\"elementor-widget-container\">\n\t\t\t\t\t<h2 class=\"elementor-heading-title elementor-size-default\">our services <\/h2>\t\t\t\t<\/div>\n\t\t\t\t<\/div>\n\t\t\t\t\t<\/div>\n\t\t\t\t<\/div>\n\t\t<div class=\"elementor-element elementor-element-4951f31 e-flex e-con-boxed wpr-particle-no wpr-jarallax-no wpr-parallax-no wpr-sticky-section-no e-con e-parent\" data-id=\"4951f31\" data-element_type=\"container\" data-e-type=\"container\">\n\t\t\t\t\t<div class=\"e-con-inner\">\n\t\t\t\t<div class=\"elementor-element elementor-element-4b0cd7c elementor-widget elementor-widget-text-editor\" data-id=\"4b0cd7c\" data-element_type=\"widget\" data-e-type=\"widget\" data-widget_type=\"text-editor.default\">\n\t\t\t\t<div class=\"elementor-widget-container\">\n\t\t\t\t\t\t\t\t\t<p>Nous vous accompagnons dans chaque \u00e9tape de votre transformation num\u00e9rique avec des services sur mesure, con\u00e7us pour r\u00e9pondre \u00e0 vos besoins sp\u00e9cifiques<\/p>\t\t\t\t\t\t\t\t<\/div>\n\t\t\t\t<\/div>\n\t\t\t\t\t<\/div>\n\t\t\t\t<\/div>\n\t\t\t\t<section class=\"elementor-section elementor-top-section elementor-element elementor-element-29824bfc elementor-section-boxed elementor-section-height-default elementor-section-height-default wpr-particle-no wpr-jarallax-no wpr-parallax-no wpr-sticky-section-no\" data-id=\"29824bfc\" data-element_type=\"section\" data-e-type=\"section\">\n\t\t\t\t\t\t<div class=\"elementor-container elementor-column-gap-default\">\n\t\t\t\t\t<div class=\"elementor-column elementor-col-100 elementor-top-column elementor-element elementor-element-8d3c0c2\" data-id=\"8d3c0c2\" data-element_type=\"column\" data-e-type=\"column\">\n\t\t\t<div class=\"elementor-widget-wrap elementor-element-populated\">\n\t\t\t\t\t\t<section class=\"elementor-section elementor-inner-section elementor-element elementor-element-3acca6b8 elementor-section-boxed elementor-section-height-default elementor-section-height-default wpr-particle-no wpr-jarallax-no wpr-parallax-no wpr-sticky-section-no\" data-id=\"3acca6b8\" data-element_type=\"section\" data-e-type=\"section\">\n\t\t\t\t\t\t<div class=\"elementor-container elementor-column-gap-default\">\n\t\t\t\t\t<div class=\"elementor-column elementor-col-33 elementor-inner-column elementor-element elementor-element-4ad5f25a\" data-id=\"4ad5f25a\" data-element_type=\"column\" data-e-type=\"column\">\n\t\t\t<div class=\"elementor-widget-wrap elementor-element-populated\">\n\t\t\t\t\t\t<div class=\"elementor-element elementor-element-15b0a894 elementor-widget elementor-widget-image\" data-id=\"15b0a894\" data-element_type=\"widget\" data-e-type=\"widget\" data-widget_type=\"image.default\">\n\t\t\t\t<div class=\"elementor-widget-container\">\n\t\t\t\t\t\t\t\t\t\t\t\t\t\t\t<img fetchpriority=\"high\" decoding=\"async\" width=\"1024\" height=\"576\" src=\"https:\/\/cloudspert.com\/wp-content\/uploads\/2025\/03\/growtika-6IsCeQBIPmo-unsplash-1024x576.jpg\" class=\"attachment-large size-large wp-image-923\" alt=\"\" srcset=\"https:\/\/cloudspert.com\/wp-content\/uploads\/2025\/03\/growtika-6IsCeQBIPmo-unsplash-1024x576.jpg 1024w, https:\/\/cloudspert.com\/wp-content\/uploads\/2025\/03\/growtika-6IsCeQBIPmo-unsplash-300x169.jpg 300w, https:\/\/cloudspert.com\/wp-content\/uploads\/2025\/03\/growtika-6IsCeQBIPmo-unsplash-768x432.jpg 768w, https:\/\/cloudspert.com\/wp-content\/uploads\/2025\/03\/growtika-6IsCeQBIPmo-unsplash-1536x864.jpg 1536w, https:\/\/cloudspert.com\/wp-content\/uploads\/2025\/03\/growtika-6IsCeQBIPmo-unsplash-2048x1152.jpg 2048w, https:\/\/cloudspert.com\/wp-content\/uploads\/2025\/03\/growtika-6IsCeQBIPmo-unsplash-800x450.jpg 800w\" sizes=\"(max-width: 1024px) 100vw, 1024px\" \/>\t\t\t\t\t\t\t\t\t\t\t\t\t\t\t<\/div>\n\t\t\t\t<\/div>\n\t\t\t\t<div class=\"elementor-element elementor-element-364119a1 elementor-widget elementor-widget-heading\" data-id=\"364119a1\" data-element_type=\"widget\" data-e-type=\"widget\" data-widget_type=\"heading.default\">\n\t\t\t\t<div class=\"elementor-widget-container\">\n\t\t\t\t\t<h2 class=\"elementor-heading-title elementor-size-default\"><a href=\"https:\/\/cloudspert.com\/?page_id=124\">Migration vers le Cloud Priv\u00e9 et Public<\/a><\/h2>\t\t\t\t<\/div>\n\t\t\t\t<\/div>\n\t\t\t\t<div class=\"elementor-element elementor-element-322d66d5 elementor-widget elementor-widget-text-editor\" data-id=\"322d66d5\" data-element_type=\"widget\" data-e-type=\"widget\" data-widget_type=\"text-editor.default\">\n\t\t\t\t<div class=\"elementor-widget-container\">\n\t\t\t\t\t\t\t\t\t<p>\u00a0<\/p><p>Embarquez dans la transition vers le cloud avec nos solutions de migration flexibles et s\u00e9curis\u00e9es. Choisissez entre le cloud priv\u00e9 pour un contr\u00f4le total, ou le cloud public pour une solution plus \u00e9conomique et \u00e9volutive..<\/p>\t\t\t\t\t\t\t\t<\/div>\n\t\t\t\t<\/div>\n\t\t\t\t\t<\/div>\n\t\t<\/div>\n\t\t\t\t<div class=\"elementor-column elementor-col-33 elementor-inner-column elementor-element elementor-element-722b5fc1\" data-id=\"722b5fc1\" data-element_type=\"column\" data-e-type=\"column\">\n\t\t\t<div class=\"elementor-widget-wrap elementor-element-populated\">\n\t\t\t\t\t\t<div class=\"elementor-element elementor-element-4c6ab120 elementor-widget elementor-widget-image\" data-id=\"4c6ab120\" data-element_type=\"widget\" data-e-type=\"widget\" data-widget_type=\"image.default\">\n\t\t\t\t<div class=\"elementor-widget-container\">\n\t\t\t\t\t\t\t\t\t\t\t\t\t\t\t<img decoding=\"async\" width=\"1024\" height=\"576\" src=\"https:\/\/cloudspert.com\/wp-content\/uploads\/2025\/03\/growtika-CPvnvwfBU_o-unsplash-1024x576.jpg\" class=\"attachment-large size-large wp-image-920\" alt=\"\" srcset=\"https:\/\/cloudspert.com\/wp-content\/uploads\/2025\/03\/growtika-CPvnvwfBU_o-unsplash-1024x576.jpg 1024w, https:\/\/cloudspert.com\/wp-content\/uploads\/2025\/03\/growtika-CPvnvwfBU_o-unsplash-300x169.jpg 300w, https:\/\/cloudspert.com\/wp-content\/uploads\/2025\/03\/growtika-CPvnvwfBU_o-unsplash-768x432.jpg 768w, https:\/\/cloudspert.com\/wp-content\/uploads\/2025\/03\/growtika-CPvnvwfBU_o-unsplash-1536x864.jpg 1536w, https:\/\/cloudspert.com\/wp-content\/uploads\/2025\/03\/growtika-CPvnvwfBU_o-unsplash-2048x1152.jpg 2048w, https:\/\/cloudspert.com\/wp-content\/uploads\/2025\/03\/growtika-CPvnvwfBU_o-unsplash-800x450.jpg 800w\" sizes=\"(max-width: 1024px) 100vw, 1024px\" \/>\t\t\t\t\t\t\t\t\t\t\t\t\t\t\t<\/div>\n\t\t\t\t<\/div>\n\t\t\t\t<div class=\"elementor-element elementor-element-689c725b elementor-widget elementor-widget-heading\" data-id=\"689c725b\" data-element_type=\"widget\" data-e-type=\"widget\" data-widget_type=\"heading.default\">\n\t\t\t\t<div class=\"elementor-widget-container\">\n\t\t\t\t\t<h2 class=\"elementor-heading-title elementor-size-default\"><a href=\"https:\/\/cloudspert.com\/?page_id=122\">D\u00e9ploiement de DevOps<\/a><\/h2>\t\t\t\t<\/div>\n\t\t\t\t<\/div>\n\t\t\t\t<div class=\"elementor-element elementor-element-523e0862 elementor-widget elementor-widget-text-editor\" data-id=\"523e0862\" data-element_type=\"widget\" data-e-type=\"widget\" data-widget_type=\"text-editor.default\">\n\t\t\t\t<div class=\"elementor-widget-container\">\n\t\t\t\t\t\t\t\t\t<p><span style=\"font-size: 14px;\">\u00a0<\/span><\/p><ul><li><span style=\"font-size: 14px;\">Acc\u00e9l\u00e9rez vos processus de d\u00e9veloppement avec notre service de d\u00e9ploiement DevOps. Automatisation, collaboration et int\u00e9gration continue pour am\u00e9liorer la productivit\u00e9 et la qualit\u00e9 de vos applications<\/span><\/li><\/ul>\t\t\t\t\t\t\t\t<\/div>\n\t\t\t\t<\/div>\n\t\t\t\t\t<\/div>\n\t\t<\/div>\n\t\t\t\t<div class=\"elementor-column elementor-col-33 elementor-inner-column elementor-element elementor-element-6e93f17c\" data-id=\"6e93f17c\" data-element_type=\"column\" data-e-type=\"column\">\n\t\t\t<div class=\"elementor-widget-wrap elementor-element-populated\">\n\t\t\t\t\t\t<div class=\"elementor-element elementor-element-6450c91d elementor-widget elementor-widget-image\" data-id=\"6450c91d\" data-element_type=\"widget\" data-e-type=\"widget\" data-widget_type=\"image.default\">\n\t\t\t\t<div class=\"elementor-widget-container\">\n\t\t\t\t\t\t\t\t\t\t\t\t\t\t\t<img decoding=\"async\" width=\"1024\" height=\"678\" src=\"https:\/\/cloudspert.com\/wp-content\/uploads\/2025\/03\/lukas-blazek-mcSDtbWXUZU-unsplash-1024x678.jpg\" class=\"attachment-large size-large wp-image-931\" alt=\"\" srcset=\"https:\/\/cloudspert.com\/wp-content\/uploads\/2025\/03\/lukas-blazek-mcSDtbWXUZU-unsplash-1024x678.jpg 1024w, https:\/\/cloudspert.com\/wp-content\/uploads\/2025\/03\/lukas-blazek-mcSDtbWXUZU-unsplash-300x199.jpg 300w, https:\/\/cloudspert.com\/wp-content\/uploads\/2025\/03\/lukas-blazek-mcSDtbWXUZU-unsplash-768x509.jpg 768w, https:\/\/cloudspert.com\/wp-content\/uploads\/2025\/03\/lukas-blazek-mcSDtbWXUZU-unsplash-1536x1017.jpg 1536w, https:\/\/cloudspert.com\/wp-content\/uploads\/2025\/03\/lukas-blazek-mcSDtbWXUZU-unsplash-2048x1356.jpg 2048w\" sizes=\"(max-width: 1024px) 100vw, 1024px\" \/>\t\t\t\t\t\t\t\t\t\t\t\t\t\t\t<\/div>\n\t\t\t\t<\/div>\n\t\t\t\t<div class=\"elementor-element elementor-element-d9ad2ee elementor-widget elementor-widget-heading\" data-id=\"d9ad2ee\" data-element_type=\"widget\" data-e-type=\"widget\" data-widget_type=\"heading.default\">\n\t\t\t\t<div class=\"elementor-widget-container\">\n\t\t\t\t\t<h2 class=\"elementor-heading-title elementor-size-default\"><a href=\"https:\/\/cloudspert.com\/?page_id=126\">Optimisation des co\u00fbts Cloud<\/a><\/h2>\t\t\t\t<\/div>\n\t\t\t\t<\/div>\n\t\t\t\t<div class=\"elementor-element elementor-element-53d1e6b7 elementor-widget elementor-widget-text-editor\" data-id=\"53d1e6b7\" data-element_type=\"widget\" data-e-type=\"widget\" data-widget_type=\"text-editor.default\">\n\t\t\t\t<div class=\"elementor-widget-container\">\n\t\t\t\t\t\t\t\t\t<p>\u00a0<\/p><div class=\"elementor-element elementor-element-1fe5953 elementor-widget elementor-widget-text-editor\" data-id=\"1fe5953\" data-element_type=\"widget\" data-widget_type=\"text-editor.default\"><div class=\"elementor-widget-container\">\u00a0<\/div><\/div><div class=\"elementor-element elementor-element-266f302b e-con-full e-flex wpr-particle-no wpr-jarallax-no wpr-parallax-no wpr-sticky-section-no e-con e-child\" data-id=\"266f302b\" data-element_type=\"container\"><div class=\"elementor-element elementor-element-666a1ec1 e-con-full e-flex wpr-particle-no wpr-jarallax-no wpr-parallax-no wpr-sticky-section-no e-con e-child\" data-id=\"666a1ec1\" data-element_type=\"container\"><div class=\"elementor-element elementor-element-1fe5953 elementor-widget elementor-widget-text-editor\" data-id=\"1fe5953\" data-element_type=\"widget\" data-widget_type=\"text-editor.default\"><div class=\"elementor-widget-container\"><ul><li>Vous souhaitez maximiser vos investissements cloud ? Nous analysons votre infrastructure et optimisons vos ressources pour r\u00e9duire les co\u00fbts tout en am\u00e9liorant la performance.<\/li><\/ul><\/div><\/div><\/div><div class=\"elementor-element elementor-element-266f302b e-con-full e-flex wpr-particle-no wpr-jarallax-no wpr-parallax-no wpr-sticky-section-no e-con e-child\" data-id=\"266f302b\" data-element_type=\"container\"><div class=\"elementor-element elementor-element-146d4589 elementor-widget elementor-widget-image\" data-id=\"146d4589\" data-element_type=\"widget\" data-widget_type=\"image.default\">\u00a0<\/div><\/div><\/div>\t\t\t\t\t\t\t\t<\/div>\n\t\t\t\t<\/div>\n\t\t\t\t\t<\/div>\n\t\t<\/div>\n\t\t\t\t\t<\/div>\n\t\t<\/section>\n\t\t\t\t\t<\/div>\n\t\t<\/div>\n\t\t\t\t\t<\/div>\n\t\t<\/section>\n\t\t<div class=\"elementor-element elementor-element-f841419 e-flex e-con-boxed wpr-particle-no wpr-jarallax-no wpr-parallax-no wpr-sticky-section-no e-con e-parent\" data-id=\"f841419\" data-element_type=\"container\" data-e-type=\"container\">\n\t\t\t\t\t<div class=\"e-con-inner\">\n\t\t\t\t<div class=\"elementor-element elementor-element-59de60a wpr-grid-columns-3 wpr-grid-columns--tablet2 wpr-grid-columns--mobile1 wpr-grid-pagination-center wpr-item-styles-inner elementor-widget elementor-widget-wpr-woo-grid\" data-id=\"59de60a\" data-element_type=\"widget\" data-e-type=\"widget\" data-widget_type=\"wpr-woo-grid.default\">\n\t\t\t\t<div class=\"elementor-widget-container\">\n\t\t\t\t\t<h2>WooCommerce is NOT active!<\/h2>\t\t\t\t<\/div>\n\t\t\t\t<\/div>\n\t\t\t\t<div class=\"elementor-element elementor-element-220e77c elementor-widget elementor-widget-wpr-countdown\" data-id=\"220e77c\" data-element_type=\"widget\" data-e-type=\"widget\" data-widget_type=\"wpr-countdown.default\">\n\t\t\t\t<div class=\"elementor-widget-container\">\n\t\t\t\t\t<div class=\"wpr-countdown-wrap elementor-clearfix\" data-type=\"due-date\" data-show-again=\"0\" data-actions=\"[]\" data-interval=\"1781190060\"><div class=\"wpr-countdown-item\"><span class=\"wpr-countdown-number wpr-countdown-days\" data-item=\"days\"><\/span><span class=\"wpr-countdown-label\" data-text=\"{&quot;singular&quot;:&quot;Day&quot;,&quot;plural&quot;:&quot;Days&quot;}\">Days<\/span><\/div><div class=\"wpr-countdown-item\"><span class=\"wpr-countdown-number wpr-countdown-hours\" data-item=\"hours\"><\/span><span class=\"wpr-countdown-label\" data-text=\"{&quot;singular&quot;:&quot;Hour&quot;,&quot;plural&quot;:&quot;Hours&quot;}\">Hours<\/span><\/div><div class=\"wpr-countdown-item\"><span class=\"wpr-countdown-number wpr-countdown-minutes\" data-item=\"minutes\"><\/span><span class=\"wpr-countdown-label\" data-text=\"{&quot;singular&quot;:&quot;Minute&quot;,&quot;plural&quot;:&quot;Minutes&quot;}\">Minutes<\/span><\/div><div class=\"wpr-countdown-item\"><span class=\"wpr-countdown-number wpr-countdown-seconds\" data-item=\"seconds\"><\/span><span class=\"wpr-countdown-label\">Seconds<\/span><\/div><\/div>\t\t\t\t<\/div>\n\t\t\t\t<\/div>\n\t\t\t\t\t<\/div>\n\t\t\t\t<\/div>\n\t\t<div class=\"elementor-element elementor-element-e8ae0f8 e-flex e-con-boxed wpr-particle-no wpr-jarallax-no wpr-parallax-no wpr-sticky-section-no e-con e-parent\" data-id=\"e8ae0f8\" data-element_type=\"container\" data-e-type=\"container\">\n\t\t\t\t\t<div class=\"e-con-inner\">\n\t\t\t\t<div class=\"elementor-element elementor-element-031d02d wpr-search-form-style-inner wpr-search-form-position-right elementor-widget elementor-widget-wpr-search\" data-id=\"031d02d\" data-element_type=\"widget\" data-e-type=\"widget\" data-widget_type=\"wpr-search.default\">\n\t\t\t\t<div class=\"elementor-widget-container\">\n\t\t\t\t\t\n\t\t<form role=\"search\" method=\"get\" class=\"wpr-search-form\" action=\"https:\/\/cloudspert.com\">\n\n\t\t\t<div class=\"wpr-search-form-input-wrap elementor-clearfix\">\n\t\t\t\t<input class=\"wpr-search-form-input\" placeholder=\"Search...\" aria-label=\"Search\" type=\"search\" name=\"s\" title=\"Search\" value=\"\" wpr-query-type=\"all\" wpr-taxonomy-type=\"\" number-of-results=\"2\" ajax-search=\"\" meta-query=\"\" show-description=\"yes\" number-of-words=\"30\" show-ajax-thumbnails=\"\" show-view-result-btn=\"\" show-product-price=\"no\" view-result-text=\"View Results\" no-results=\"No Results Found\" exclude-without-thumb=\"\" link-target=\"_self\" password-protected=\"no\" attachments=\"no\">\n\t\t\t\t\n\t\t<button class=\"wpr-search-form-submit\" aria-label=\"Search\" type=\"submit\">\n\t\t\t\t\t\t\t<i class=\"fas fa-search\"><\/i>\n\t\t\t\t\t<\/button>\n\n\t\t\t\t\t<\/div>\n\n\t\t\t\t\t<\/form>\n\t\t<div class=\"wpr-data-fetch\">\n\t\t\t<span class=\"wpr-close-search\"><\/span>\n\t\t\t<ul><\/ul>\n\t\t\t\t\t<\/div>\n\t\t\n\t\t\t\t\t\t<\/div>\n\t\t\t\t<\/div>\n\t\t\t\t\t<\/div>\n\t\t\t\t<\/div>\n\t\t\t\t<\/div>\n\t\t","protected":false},"excerpt":{"rendered":"<p>CloudSpert Services our services Nous vous accompagnons dans chaque \u00e9tape de votre transformation num\u00e9rique avec des services sur mesure, con\u00e7us pour r\u00e9pondre \u00e0 vos besoins sp\u00e9cifiques Migration vers le Cloud Priv\u00e9 et Public \u00a0 Embarquez dans la transition vers le cloud avec nos solutions de migration flexibles et s\u00e9curis\u00e9es. Choisissez entre le cloud priv\u00e9 pour un contr\u00f4le total, ou le cloud public pour une solution plus \u00e9conomique et \u00e9volutive.. D\u00e9ploiement de DevOps \u00a0 Acc\u00e9l\u00e9rez vos processus de d\u00e9veloppement avec notre service de d\u00e9ploiement DevOps. Automatisation, collaboration et int\u00e9gration continue pour am\u00e9liorer la productivit\u00e9 et la qualit\u00e9 de vos applications Optimisation des co\u00fbts Cloud \u00a0 \u00a0 Vous souhaitez maximiser vos investissements cloud ? Nous analysons votre infrastructure et optimisons vos ressources pour r\u00e9duire les co\u00fbts tout en am\u00e9liorant la performance. \u00a0 WooCommerce is NOT active! DaysHoursMinutesSeconds More than 2 results are available in the PRO version (This notice is only visible to admin users)<\/p>\n","protected":false},"author":3,"featured_media":0,"parent":0,"menu_order":0,"comment_status":"closed","ping_status":"closed","template":"","meta":{"footnotes":""},"class_list":["post-12","page","type-page","status-publish","hentry","entry"],"jetpack_sharing_enabled":true,"_links":{"self":[{"href":"https:\/\/cloudspert.com\/index.php?rest_route=\/wp\/v2\/pages\/12","targetHints":{"allow":["GET"]}}],"collection":[{"href":"https:\/\/cloudspert.com\/index.php?rest_route=\/wp\/v2\/pages"}],"about":[{"href":"https:\/\/cloudspert.com\/index.php?rest_route=\/wp\/v2\/types\/page"}],"author":[{"embeddable":true,"href":"https:\/\/cloudspert.com\/index.php?rest_route=\/wp\/v2\/users\/3"}],"replies":[{"embeddable":true,"href":"https:\/\/cloudspert.com\/index.php?rest_route=%2Fwp%2Fv2%2Fcomments&post=12"}],"version-history":[{"count":28,"href":"https:\/\/cloudspert.com\/index.php?rest_route=\/wp\/v2\/pages\/12\/revisions"}],"predecessor-version":[{"id":1074,"href":"https:\/\/cloudspert.com\/index.php?rest_route=\/wp\/v2\/pages\/12\/revisions\/1074"}],"wp:attachment":[{"href":"https:\/\/cloudspert.com\/index.php?rest_route=%2Fwp%2Fv2%2Fmedia&parent=12"}],"curies":[{"name":"wp","href":"https:\/\/api.w.org\/{rel}","templated":true}]}}